{"id":2993,"date":"2023-07-06T11:21:39","date_gmt":"2023-07-06T09:21:39","guid":{"rendered":"https:\/\/kancelaria-babiak.pl\/online-advice\/"},"modified":"2023-07-06T11:21:39","modified_gmt":"2023-07-06T09:21:39","slug":"online-advice","status":"publish","type":"page","link":"https:\/\/kancelaria-babiak.pl\/en\/online-advice\/","title":{"rendered":"Online advice"},"content":{"rendered":"","protected":false},"excerpt":{"rendered":"","protected":false},"author":1,"featured_media":0,"parent":0,"menu_order":0,"comment_status":"closed","ping_status":"closed","template":"","meta":{"_acf_changed":false,"inline_featured_image":false,"footnotes":""},"class_list":["post-2993","page","type-page","status-publish","hentry"],"acf":[],"yoast_head":"<!-- This site is optimized with the Yoast SEO Premium plugin v22.4 (Yoast SEO v27.5) - https:\/\/yoast.com\/product\/yoast-seo-premium-wordpress\/ -->\n<title>Online advice | BABIAK | Kancelaria Adwokacka Wroc\u0142aw<\/title>\n<meta name=\"robots\" content=\"index, follow, max-snippet:-1, max-image-preview:large, max-video-preview:-1\" \/>\n<link rel=\"canonical\" href=\"https:\/\/kancelaria-babiak.pl\/en\/online-advice\/\" \/>\n<meta property=\"og:locale\" content=\"en_US\" \/>\n<meta property=\"og:type\" content=\"article\" \/>\n<meta property=\"og:title\" content=\"Online advice\" \/>\n<meta property=\"og:url\" content=\"https:\/\/kancelaria-babiak.pl\/en\/online-advice\/\" \/>\n<meta property=\"og:site_name\" content=\"BABIAK | Kancelaria Adwokacka Wroc\u0142aw\" \/>\n<meta name=\"twitter:card\" content=\"summary_large_image\" \/>\n<script type=\"application\/ld+json\" class=\"yoast-schema-graph\">{\"@context\":\"https:\\\/\\\/schema.org\",\"@graph\":[{\"@type\":\"WebPage\",\"@id\":\"https:\\\/\\\/kancelaria-babiak.pl\\\/en\\\/online-advice\\\/\",\"url\":\"https:\\\/\\\/kancelaria-babiak.pl\\\/en\\\/online-advice\\\/\",\"name\":\"Online advice | BABIAK | Kancelaria Adwokacka Wroc\u0142aw\",\"isPartOf\":{\"@id\":\"https:\\\/\\\/kancelaria-babiak.pl\\\/en\\\/#website\"},\"datePublished\":\"2023-07-06T09:21:39+00:00\",\"breadcrumb\":{\"@id\":\"https:\\\/\\\/kancelaria-babiak.pl\\\/en\\\/online-advice\\\/#breadcrumb\"},\"inLanguage\":\"en-US\",\"potentialAction\":[{\"@type\":\"ReadAction\",\"target\":[\"https:\\\/\\\/kancelaria-babiak.pl\\\/en\\\/online-advice\\\/\"]}]},{\"@type\":\"BreadcrumbList\",\"@id\":\"https:\\\/\\\/kancelaria-babiak.pl\\\/en\\\/online-advice\\\/#breadcrumb\",\"itemListElement\":[{\"@type\":\"ListItem\",\"position\":1,\"name\":\"Strona g\u0142\u00f3wna\",\"item\":\"https:\\\/\\\/kancelaria-babiak.pl\\\/en\\\/\"},{\"@type\":\"ListItem\",\"position\":2,\"name\":\"Online advice\"}]},{\"@type\":\"WebSite\",\"@id\":\"https:\\\/\\\/kancelaria-babiak.pl\\\/en\\\/#website\",\"url\":\"https:\\\/\\\/kancelaria-babiak.pl\\\/en\\\/\",\"name\":\"BABIAK | Kancelaria Adwokacka Wroc\u0142aw\",\"description\":\"\",\"publisher\":{\"@id\":\"https:\\\/\\\/kancelaria-babiak.pl\\\/en\\\/#organization\"},\"potentialAction\":[{\"@type\":\"SearchAction\",\"target\":{\"@type\":\"EntryPoint\",\"urlTemplate\":\"https:\\\/\\\/kancelaria-babiak.pl\\\/en\\\/?s={search_term_string}\"},\"query-input\":{\"@type\":\"PropertyValueSpecification\",\"valueRequired\":true,\"valueName\":\"search_term_string\"}}],\"inLanguage\":\"en-US\"},{\"@type\":[\"Organization\",\"Place\",\"LegalService\"],\"@id\":\"https:\\\/\\\/kancelaria-babiak.pl\\\/en\\\/#organization\",\"name\":\"Kancelaria Adwokacka Adwokat Anna Babiak\",\"alternateName\":\"Kancelaria Babiak\",\"url\":\"https:\\\/\\\/kancelaria-babiak.pl\\\/en\\\/\",\"logo\":{\"@id\":\"https:\\\/\\\/kancelaria-babiak.pl\\\/en\\\/online-advice\\\/#local-main-organization-logo\"},\"image\":{\"@id\":\"https:\\\/\\\/kancelaria-babiak.pl\\\/en\\\/online-advice\\\/#local-main-organization-logo\"},\"address\":{\"@id\":\"https:\\\/\\\/kancelaria-babiak.pl\\\/en\\\/online-advice\\\/#local-main-place-address\"},\"geo\":{\"@type\":\"GeoCoordinates\",\"latitude\":\"51.0855397\",\"longitude\":\"17.0083153\"},\"telephone\":[\"790813399\"],\"openingHoursSpecification\":[{\"@type\":\"OpeningHoursSpecification\",\"dayOfWeek\":[\"Monday\",\"Tuesday\",\"Wednesday\",\"Thursday\",\"Friday\"],\"opens\":\"09:00\",\"closes\":\"19:00\"},{\"@type\":\"OpeningHoursSpecification\",\"dayOfWeek\":[\"Saturday\"],\"opens\":\"09:00\",\"closes\":\"14:00\"},{\"@type\":\"OpeningHoursSpecification\",\"dayOfWeek\":[\"Sunday\"],\"opens\":\"00:00\",\"closes\":\"00:00\"}],\"email\":\"annababiak@gamil.com\",\"areaServed\":\"Dolno\u015bl\u0105skie\",\"taxID\":\"7542533937\"},{\"@type\":\"PostalAddress\",\"@id\":\"https:\\\/\\\/kancelaria-babiak.pl\\\/en\\\/online-advice\\\/#local-main-place-address\",\"streetAddress\":\"Kancelaria Adwokacka Adwokat Anna Babiak, Rac\u0142awicka 15\\\/19 lokal 419\",\"addressLocality\":\"Wroc\u0142aw\",\"postalCode\":\"53-149\",\"addressRegion\":\"Dolno\u015bl\u0105skie\",\"addressCountry\":\"PL\"},{\"@type\":\"ImageObject\",\"inLanguage\":\"en-US\",\"@id\":\"https:\\\/\\\/kancelaria-babiak.pl\\\/en\\\/online-advice\\\/#local-main-organization-logo\",\"url\":\"https:\\\/\\\/kancelaria-babiak.pl\\\/wp-content\\\/uploads\\\/2022\\\/01\\\/Logo_z_claimem-kopia.png\",\"contentUrl\":\"https:\\\/\\\/kancelaria-babiak.pl\\\/wp-content\\\/uploads\\\/2022\\\/01\\\/Logo_z_claimem-kopia.png\",\"width\":400,\"height\":300,\"caption\":\"Kancelaria Adwokacka Adwokat Anna Babiak\"}]}<\/script>\n<meta name=\"geo.placename\" content=\"Wroc\u0142aw\" \/>\n<meta name=\"geo.position\" content=\"51.0855397;17.0083153\" \/>\n<meta name=\"geo.region\" content=\"Poland\" \/>\n<!-- \/ Yoast SEO Premium plugin. -->","yoast_head_json":{"title":"Online advice | BABIAK | Kancelaria Adwokacka Wroc\u0142aw","robots":{"index":"index","follow":"follow","max-snippet":"max-snippet:-1","max-image-preview":"max-image-preview:large","max-video-preview":"max-video-preview:-1"},"canonical":"https:\/\/kancelaria-babiak.pl\/en\/online-advice\/","og_locale":"en_US","og_type":"article","og_title":"Online advice","og_url":"https:\/\/kancelaria-babiak.pl\/en\/online-advice\/","og_site_name":"BABIAK | Kancelaria Adwokacka Wroc\u0142aw","twitter_card":"summary_large_image","schema":{"@context":"https:\/\/schema.org","@graph":[{"@type":"WebPage","@id":"https:\/\/kancelaria-babiak.pl\/en\/online-advice\/","url":"https:\/\/kancelaria-babiak.pl\/en\/online-advice\/","name":"Online advice | BABIAK | Kancelaria Adwokacka Wroc\u0142aw","isPartOf":{"@id":"https:\/\/kancelaria-babiak.pl\/en\/#website"},"datePublished":"2023-07-06T09:21:39+00:00","breadcrumb":{"@id":"https:\/\/kancelaria-babiak.pl\/en\/online-advice\/#breadcrumb"},"inLanguage":"en-US","potentialAction":[{"@type":"ReadAction","target":["https:\/\/kancelaria-babiak.pl\/en\/online-advice\/"]}]},{"@type":"BreadcrumbList","@id":"https:\/\/kancelaria-babiak.pl\/en\/online-advice\/#breadcrumb","itemListElement":[{"@type":"ListItem","position":1,"name":"Strona g\u0142\u00f3wna","item":"https:\/\/kancelaria-babiak.pl\/en\/"},{"@type":"ListItem","position":2,"name":"Online advice"}]},{"@type":"WebSite","@id":"https:\/\/kancelaria-babiak.pl\/en\/#website","url":"https:\/\/kancelaria-babiak.pl\/en\/","name":"BABIAK | Kancelaria Adwokacka Wroc\u0142aw","description":"","publisher":{"@id":"https:\/\/kancelaria-babiak.pl\/en\/#organization"},"potentialAction":[{"@type":"SearchAction","target":{"@type":"EntryPoint","urlTemplate":"https:\/\/kancelaria-babiak.pl\/en\/?s={search_term_string}"},"query-input":{"@type":"PropertyValueSpecification","valueRequired":true,"valueName":"search_term_string"}}],"inLanguage":"en-US"},{"@type":["Organization","Place","LegalService"],"@id":"https:\/\/kancelaria-babiak.pl\/en\/#organization","name":"Kancelaria Adwokacka Adwokat Anna Babiak","alternateName":"Kancelaria Babiak","url":"https:\/\/kancelaria-babiak.pl\/en\/","logo":{"@id":"https:\/\/kancelaria-babiak.pl\/en\/online-advice\/#local-main-organization-logo"},"image":{"@id":"https:\/\/kancelaria-babiak.pl\/en\/online-advice\/#local-main-organization-logo"},"address":{"@id":"https:\/\/kancelaria-babiak.pl\/en\/online-advice\/#local-main-place-address"},"geo":{"@type":"GeoCoordinates","latitude":"51.0855397","longitude":"17.0083153"},"telephone":["790813399"],"openingHoursSpecification":[{"@type":"OpeningHoursSpecification","dayOfWeek":["Monday","Tuesday","Wednesday","Thursday","Friday"],"opens":"09:00","closes":"19:00"},{"@type":"OpeningHoursSpecification","dayOfWeek":["Saturday"],"opens":"09:00","closes":"14:00"},{"@type":"OpeningHoursSpecification","dayOfWeek":["Sunday"],"opens":"00:00","closes":"00:00"}],"email":"annababiak@gamil.com","areaServed":"Dolno\u015bl\u0105skie","taxID":"7542533937"},{"@type":"PostalAddress","@id":"https:\/\/kancelaria-babiak.pl\/en\/online-advice\/#local-main-place-address","streetAddress":"Kancelaria Adwokacka Adwokat Anna Babiak, Rac\u0142awicka 15\/19 lokal 419","addressLocality":"Wroc\u0142aw","postalCode":"53-149","addressRegion":"Dolno\u015bl\u0105skie","addressCountry":"PL"},{"@type":"ImageObject","inLanguage":"en-US","@id":"https:\/\/kancelaria-babiak.pl\/en\/online-advice\/#local-main-organization-logo","url":"https:\/\/kancelaria-babiak.pl\/wp-content\/uploads\/2022\/01\/Logo_z_claimem-kopia.png","contentUrl":"https:\/\/kancelaria-babiak.pl\/wp-content\/uploads\/2022\/01\/Logo_z_claimem-kopia.png","width":400,"height":300,"caption":"Kancelaria Adwokacka Adwokat Anna Babiak"}]},"geo.placename":"Wroc\u0142aw","geo.position":{"lat":"51.0855397","long":"17.0083153"},"geo.region":"Poland"},"_links":{"self":[{"href":"https:\/\/kancelaria-babiak.pl\/en\/wp-json\/wp\/v2\/pages\/2993","targetHints":{"allow":["GET"]}}],"collection":[{"href":"https:\/\/kancelaria-babiak.pl\/en\/wp-json\/wp\/v2\/pages"}],"about":[{"href":"https:\/\/kancelaria-babiak.pl\/en\/wp-json\/wp\/v2\/types\/page"}],"author":[{"embeddable":true,"href":"https:\/\/kancelaria-babiak.pl\/en\/wp-json\/wp\/v2\/users\/1"}],"replies":[{"embeddable":true,"href":"https:\/\/kancelaria-babiak.pl\/en\/wp-json\/wp\/v2\/comments?post=2993"}],"version-history":[{"count":0,"href":"https:\/\/kancelaria-babiak.pl\/en\/wp-json\/wp\/v2\/pages\/2993\/revisions"}],"wp:attachment":[{"href":"https:\/\/kancelaria-babiak.pl\/en\/wp-json\/wp\/v2\/media?parent=2993"}],"curies":[{"name":"wp","href":"https:\/\/api.w.org\/{rel}","templated":true}]}}