{"id":2995,"date":"2023-07-06T11:22:36","date_gmt":"2023-07-06T09:22:36","guid":{"rendered":"https:\/\/kancelaria-babiak.pl\/%d0%be%d0%bd%d0%bb%d0%b0%d0%b9%d0%bd-%d0%bf%d0%be%d1%80%d0%b0%d0%b4%d0%b8\/"},"modified":"2023-07-06T11:22:36","modified_gmt":"2023-07-06T09:22:36","slug":"%d0%be%d0%bd%d0%bb%d0%b0%d0%b9%d0%bd-%d0%bf%d0%be%d1%80%d0%b0%d0%b4%d0%b8","status":"publish","type":"page","link":"https:\/\/kancelaria-babiak.pl\/uk\/%d0%be%d0%bd%d0%bb%d0%b0%d0%b9%d0%bd-%d0%bf%d0%be%d1%80%d0%b0%d0%b4%d0%b8\/","title":{"rendered":"\u041e\u043d\u043b\u0430\u0439\u043d \u043f\u043e\u0440\u0430\u0434\u0438"},"content":{"rendered":"","protected":false},"excerpt":{"rendered":"","protected":false},"author":1,"featured_media":0,"parent":0,"menu_order":0,"comment_status":"closed","ping_status":"closed","template":"","meta":{"_acf_changed":false,"inline_featured_image":false,"footnotes":""},"class_list":["post-2995","page","type-page","status-publish","hentry"],"acf":[],"yoast_head":"<!-- This site is optimized with the Yoast SEO Premium plugin v22.4 (Yoast SEO v27.4) - https:\/\/yoast.com\/product\/yoast-seo-premium-wordpress\/ -->\n<title>\u041e\u043d\u043b\u0430\u0439\u043d \u043f\u043e\u0440\u0430\u0434\u0438 | BABIAK | Kancelaria Adwokacka Wroc\u0142aw<\/title>\n<meta name=\"robots\" content=\"index, follow, max-snippet:-1, max-image-preview:large, max-video-preview:-1\" \/>\n<link rel=\"canonical\" href=\"https:\/\/kancelaria-babiak.pl\/uk\/%d0%be%d0%bd%d0%bb%d0%b0%d0%b9%d0%bd-%d0%bf%d0%be%d1%80%d0%b0%d0%b4%d0%b8\/\" \/>\n<meta property=\"og:locale\" content=\"uk_UA\" \/>\n<meta property=\"og:type\" content=\"article\" \/>\n<meta property=\"og:title\" content=\"\u041e\u043d\u043b\u0430\u0439\u043d \u043f\u043e\u0440\u0430\u0434\u0438\" \/>\n<meta property=\"og:url\" content=\"https:\/\/kancelaria-babiak.pl\/uk\/%d0%be%d0%bd%d0%bb%d0%b0%d0%b9%d0%bd-%d0%bf%d0%be%d1%80%d0%b0%d0%b4%d0%b8\/\" \/>\n<meta property=\"og:site_name\" content=\"BABIAK | Kancelaria Adwokacka Wroc\u0142aw\" \/>\n<meta name=\"twitter:card\" content=\"summary_large_image\" \/>\n<script type=\"application\/ld+json\" class=\"yoast-schema-graph\">{\"@context\":\"https:\\\/\\\/schema.org\",\"@graph\":[{\"@type\":\"WebPage\",\"@id\":\"https:\\\/\\\/kancelaria-babiak.pl\\\/uk\\\/%d0%be%d0%bd%d0%bb%d0%b0%d0%b9%d0%bd-%d0%bf%d0%be%d1%80%d0%b0%d0%b4%d0%b8\\\/\",\"url\":\"https:\\\/\\\/kancelaria-babiak.pl\\\/uk\\\/%d0%be%d0%bd%d0%bb%d0%b0%d0%b9%d0%bd-%d0%bf%d0%be%d1%80%d0%b0%d0%b4%d0%b8\\\/\",\"name\":\"\u041e\u043d\u043b\u0430\u0439\u043d \u043f\u043e\u0440\u0430\u0434\u0438 | BABIAK | Kancelaria Adwokacka Wroc\u0142aw\",\"isPartOf\":{\"@id\":\"https:\\\/\\\/kancelaria-babiak.pl\\\/uk\\\/#website\"},\"datePublished\":\"2023-07-06T09:22:36+00:00\",\"breadcrumb\":{\"@id\":\"https:\\\/\\\/kancelaria-babiak.pl\\\/uk\\\/%d0%be%d0%bd%d0%bb%d0%b0%d0%b9%d0%bd-%d0%bf%d0%be%d1%80%d0%b0%d0%b4%d0%b8\\\/#breadcrumb\"},\"inLanguage\":\"uk\",\"potentialAction\":[{\"@type\":\"ReadAction\",\"target\":[\"https:\\\/\\\/kancelaria-babiak.pl\\\/uk\\\/%d0%be%d0%bd%d0%bb%d0%b0%d0%b9%d0%bd-%d0%bf%d0%be%d1%80%d0%b0%d0%b4%d0%b8\\\/\"]}]},{\"@type\":\"BreadcrumbList\",\"@id\":\"https:\\\/\\\/kancelaria-babiak.pl\\\/uk\\\/%d0%be%d0%bd%d0%bb%d0%b0%d0%b9%d0%bd-%d0%bf%d0%be%d1%80%d0%b0%d0%b4%d0%b8\\\/#breadcrumb\",\"itemListElement\":[{\"@type\":\"ListItem\",\"position\":1,\"name\":\"Strona g\u0142\u00f3wna\",\"item\":\"https:\\\/\\\/kancelaria-babiak.pl\\\/uk\\\/\"},{\"@type\":\"ListItem\",\"position\":2,\"name\":\"\u041e\u043d\u043b\u0430\u0439\u043d \u043f\u043e\u0440\u0430\u0434\u0438\"}]},{\"@type\":\"WebSite\",\"@id\":\"https:\\\/\\\/kancelaria-babiak.pl\\\/uk\\\/#website\",\"url\":\"https:\\\/\\\/kancelaria-babiak.pl\\\/uk\\\/\",\"name\":\"BABIAK | Kancelaria Adwokacka Wroc\u0142aw\",\"description\":\"\",\"publisher\":{\"@id\":\"https:\\\/\\\/kancelaria-babiak.pl\\\/uk\\\/#organization\"},\"potentialAction\":[{\"@type\":\"SearchAction\",\"target\":{\"@type\":\"EntryPoint\",\"urlTemplate\":\"https:\\\/\\\/kancelaria-babiak.pl\\\/uk\\\/?s={search_term_string}\"},\"query-input\":{\"@type\":\"PropertyValueSpecification\",\"valueRequired\":true,\"valueName\":\"search_term_string\"}}],\"inLanguage\":\"uk\"},{\"@type\":[\"Organization\",\"Place\",\"LegalService\"],\"@id\":\"https:\\\/\\\/kancelaria-babiak.pl\\\/uk\\\/#organization\",\"name\":\"Kancelaria Adwokacka Adwokat Anna Babiak\",\"alternateName\":\"Kancelaria Babiak\",\"url\":\"https:\\\/\\\/kancelaria-babiak.pl\\\/uk\\\/\",\"logo\":{\"@id\":\"https:\\\/\\\/kancelaria-babiak.pl\\\/uk\\\/%d0%be%d0%bd%d0%bb%d0%b0%d0%b9%d0%bd-%d0%bf%d0%be%d1%80%d0%b0%d0%b4%d0%b8\\\/#local-main-organization-logo\"},\"image\":{\"@id\":\"https:\\\/\\\/kancelaria-babiak.pl\\\/uk\\\/%d0%be%d0%bd%d0%bb%d0%b0%d0%b9%d0%bd-%d0%bf%d0%be%d1%80%d0%b0%d0%b4%d0%b8\\\/#local-main-organization-logo\"},\"address\":{\"@id\":\"https:\\\/\\\/kancelaria-babiak.pl\\\/uk\\\/%d0%be%d0%bd%d0%bb%d0%b0%d0%b9%d0%bd-%d0%bf%d0%be%d1%80%d0%b0%d0%b4%d0%b8\\\/#local-main-place-address\"},\"geo\":{\"@type\":\"GeoCoordinates\",\"latitude\":\"51.0855397\",\"longitude\":\"17.0083153\"},\"telephone\":[\"790813399\"],\"openingHoursSpecification\":[{\"@type\":\"OpeningHoursSpecification\",\"dayOfWeek\":[\"Monday\",\"Tuesday\",\"Wednesday\",\"Thursday\",\"Friday\"],\"opens\":\"09:00\",\"closes\":\"19:00\"},{\"@type\":\"OpeningHoursSpecification\",\"dayOfWeek\":[\"Saturday\"],\"opens\":\"09:00\",\"closes\":\"14:00\"},{\"@type\":\"OpeningHoursSpecification\",\"dayOfWeek\":[\"Sunday\"],\"opens\":\"00:00\",\"closes\":\"00:00\"}],\"email\":\"annababiak@gamil.com\",\"areaServed\":\"Dolno\u015bl\u0105skie\",\"taxID\":\"7542533937\"},{\"@type\":\"PostalAddress\",\"@id\":\"https:\\\/\\\/kancelaria-babiak.pl\\\/uk\\\/%d0%be%d0%bd%d0%bb%d0%b0%d0%b9%d0%bd-%d0%bf%d0%be%d1%80%d0%b0%d0%b4%d0%b8\\\/#local-main-place-address\",\"streetAddress\":\"Kancelaria Adwokacka Adwokat Anna Babiak, Rac\u0142awicka 15\\\/19 lokal 419\",\"addressLocality\":\"Wroc\u0142aw\",\"postalCode\":\"53-149\",\"addressRegion\":\"Dolno\u015bl\u0105skie\",\"addressCountry\":\"PL\"},{\"@type\":\"ImageObject\",\"inLanguage\":\"uk\",\"@id\":\"https:\\\/\\\/kancelaria-babiak.pl\\\/uk\\\/%d0%be%d0%bd%d0%bb%d0%b0%d0%b9%d0%bd-%d0%bf%d0%be%d1%80%d0%b0%d0%b4%d0%b8\\\/#local-main-organization-logo\",\"url\":\"https:\\\/\\\/kancelaria-babiak.pl\\\/wp-content\\\/uploads\\\/2022\\\/01\\\/Logo_z_claimem-kopia.png\",\"contentUrl\":\"https:\\\/\\\/kancelaria-babiak.pl\\\/wp-content\\\/uploads\\\/2022\\\/01\\\/Logo_z_claimem-kopia.png\",\"width\":400,\"height\":300,\"caption\":\"Kancelaria Adwokacka Adwokat Anna Babiak\"}]}<\/script>\n<meta name=\"geo.placename\" content=\"Wroc\u0142aw\" \/>\n<meta name=\"geo.position\" content=\"51.0855397;17.0083153\" \/>\n<meta name=\"geo.region\" content=\"\u041f\u043e\u043b\u044c\u0449\u0430\" \/>\n<!-- \/ Yoast SEO Premium plugin. -->","yoast_head_json":{"title":"\u041e\u043d\u043b\u0430\u0439\u043d \u043f\u043e\u0440\u0430\u0434\u0438 | BABIAK | Kancelaria Adwokacka Wroc\u0142aw","robots":{"index":"index","follow":"follow","max-snippet":"max-snippet:-1","max-image-preview":"max-image-preview:large","max-video-preview":"max-video-preview:-1"},"canonical":"https:\/\/kancelaria-babiak.pl\/uk\/%d0%be%d0%bd%d0%bb%d0%b0%d0%b9%d0%bd-%d0%bf%d0%be%d1%80%d0%b0%d0%b4%d0%b8\/","og_locale":"uk_UA","og_type":"article","og_title":"\u041e\u043d\u043b\u0430\u0439\u043d \u043f\u043e\u0440\u0430\u0434\u0438","og_url":"https:\/\/kancelaria-babiak.pl\/uk\/%d0%be%d0%bd%d0%bb%d0%b0%d0%b9%d0%bd-%d0%bf%d0%be%d1%80%d0%b0%d0%b4%d0%b8\/","og_site_name":"BABIAK | Kancelaria Adwokacka Wroc\u0142aw","twitter_card":"summary_large_image","schema":{"@context":"https:\/\/schema.org","@graph":[{"@type":"WebPage","@id":"https:\/\/kancelaria-babiak.pl\/uk\/%d0%be%d0%bd%d0%bb%d0%b0%d0%b9%d0%bd-%d0%bf%d0%be%d1%80%d0%b0%d0%b4%d0%b8\/","url":"https:\/\/kancelaria-babiak.pl\/uk\/%d0%be%d0%bd%d0%bb%d0%b0%d0%b9%d0%bd-%d0%bf%d0%be%d1%80%d0%b0%d0%b4%d0%b8\/","name":"\u041e\u043d\u043b\u0430\u0439\u043d \u043f\u043e\u0440\u0430\u0434\u0438 | BABIAK | Kancelaria Adwokacka Wroc\u0142aw","isPartOf":{"@id":"https:\/\/kancelaria-babiak.pl\/uk\/#website"},"datePublished":"2023-07-06T09:22:36+00:00","breadcrumb":{"@id":"https:\/\/kancelaria-babiak.pl\/uk\/%d0%be%d0%bd%d0%bb%d0%b0%d0%b9%d0%bd-%d0%bf%d0%be%d1%80%d0%b0%d0%b4%d0%b8\/#breadcrumb"},"inLanguage":"uk","potentialAction":[{"@type":"ReadAction","target":["https:\/\/kancelaria-babiak.pl\/uk\/%d0%be%d0%bd%d0%bb%d0%b0%d0%b9%d0%bd-%d0%bf%d0%be%d1%80%d0%b0%d0%b4%d0%b8\/"]}]},{"@type":"BreadcrumbList","@id":"https:\/\/kancelaria-babiak.pl\/uk\/%d0%be%d0%bd%d0%bb%d0%b0%d0%b9%d0%bd-%d0%bf%d0%be%d1%80%d0%b0%d0%b4%d0%b8\/#breadcrumb","itemListElement":[{"@type":"ListItem","position":1,"name":"Strona g\u0142\u00f3wna","item":"https:\/\/kancelaria-babiak.pl\/uk\/"},{"@type":"ListItem","position":2,"name":"\u041e\u043d\u043b\u0430\u0439\u043d \u043f\u043e\u0440\u0430\u0434\u0438"}]},{"@type":"WebSite","@id":"https:\/\/kancelaria-babiak.pl\/uk\/#website","url":"https:\/\/kancelaria-babiak.pl\/uk\/","name":"BABIAK | Kancelaria Adwokacka Wroc\u0142aw","description":"","publisher":{"@id":"https:\/\/kancelaria-babiak.pl\/uk\/#organization"},"potentialAction":[{"@type":"SearchAction","target":{"@type":"EntryPoint","urlTemplate":"https:\/\/kancelaria-babiak.pl\/uk\/?s={search_term_string}"},"query-input":{"@type":"PropertyValueSpecification","valueRequired":true,"valueName":"search_term_string"}}],"inLanguage":"uk"},{"@type":["Organization","Place","LegalService"],"@id":"https:\/\/kancelaria-babiak.pl\/uk\/#organization","name":"Kancelaria Adwokacka Adwokat Anna Babiak","alternateName":"Kancelaria Babiak","url":"https:\/\/kancelaria-babiak.pl\/uk\/","logo":{"@id":"https:\/\/kancelaria-babiak.pl\/uk\/%d0%be%d0%bd%d0%bb%d0%b0%d0%b9%d0%bd-%d0%bf%d0%be%d1%80%d0%b0%d0%b4%d0%b8\/#local-main-organization-logo"},"image":{"@id":"https:\/\/kancelaria-babiak.pl\/uk\/%d0%be%d0%bd%d0%bb%d0%b0%d0%b9%d0%bd-%d0%bf%d0%be%d1%80%d0%b0%d0%b4%d0%b8\/#local-main-organization-logo"},"address":{"@id":"https:\/\/kancelaria-babiak.pl\/uk\/%d0%be%d0%bd%d0%bb%d0%b0%d0%b9%d0%bd-%d0%bf%d0%be%d1%80%d0%b0%d0%b4%d0%b8\/#local-main-place-address"},"geo":{"@type":"GeoCoordinates","latitude":"51.0855397","longitude":"17.0083153"},"telephone":["790813399"],"openingHoursSpecification":[{"@type":"OpeningHoursSpecification","dayOfWeek":["Monday","Tuesday","Wednesday","Thursday","Friday"],"opens":"09:00","closes":"19:00"},{"@type":"OpeningHoursSpecification","dayOfWeek":["Saturday"],"opens":"09:00","closes":"14:00"},{"@type":"OpeningHoursSpecification","dayOfWeek":["Sunday"],"opens":"00:00","closes":"00:00"}],"email":"annababiak@gamil.com","areaServed":"Dolno\u015bl\u0105skie","taxID":"7542533937"},{"@type":"PostalAddress","@id":"https:\/\/kancelaria-babiak.pl\/uk\/%d0%be%d0%bd%d0%bb%d0%b0%d0%b9%d0%bd-%d0%bf%d0%be%d1%80%d0%b0%d0%b4%d0%b8\/#local-main-place-address","streetAddress":"Kancelaria Adwokacka Adwokat Anna Babiak, Rac\u0142awicka 15\/19 lokal 419","addressLocality":"Wroc\u0142aw","postalCode":"53-149","addressRegion":"Dolno\u015bl\u0105skie","addressCountry":"PL"},{"@type":"ImageObject","inLanguage":"uk","@id":"https:\/\/kancelaria-babiak.pl\/uk\/%d0%be%d0%bd%d0%bb%d0%b0%d0%b9%d0%bd-%d0%bf%d0%be%d1%80%d0%b0%d0%b4%d0%b8\/#local-main-organization-logo","url":"https:\/\/kancelaria-babiak.pl\/wp-content\/uploads\/2022\/01\/Logo_z_claimem-kopia.png","contentUrl":"https:\/\/kancelaria-babiak.pl\/wp-content\/uploads\/2022\/01\/Logo_z_claimem-kopia.png","width":400,"height":300,"caption":"Kancelaria Adwokacka Adwokat Anna Babiak"}]},"geo.placename":"Wroc\u0142aw","geo.position":{"lat":"51.0855397","long":"17.0083153"},"geo.region":"\u041f\u043e\u043b\u044c\u0449\u0430"},"_links":{"self":[{"href":"https:\/\/kancelaria-babiak.pl\/uk\/wp-json\/wp\/v2\/pages\/2995","targetHints":{"allow":["GET"]}}],"collection":[{"href":"https:\/\/kancelaria-babiak.pl\/uk\/wp-json\/wp\/v2\/pages"}],"about":[{"href":"https:\/\/kancelaria-babiak.pl\/uk\/wp-json\/wp\/v2\/types\/page"}],"author":[{"embeddable":true,"href":"https:\/\/kancelaria-babiak.pl\/uk\/wp-json\/wp\/v2\/users\/1"}],"replies":[{"embeddable":true,"href":"https:\/\/kancelaria-babiak.pl\/uk\/wp-json\/wp\/v2\/comments?post=2995"}],"version-history":[{"count":0,"href":"https:\/\/kancelaria-babiak.pl\/uk\/wp-json\/wp\/v2\/pages\/2995\/revisions"}],"wp:attachment":[{"href":"https:\/\/kancelaria-babiak.pl\/uk\/wp-json\/wp\/v2\/media?parent=2995"}],"curies":[{"name":"wp","href":"https:\/\/api.w.org\/{rel}","templated":true}]}}